{"id":49,"date":"2015-02-14T23:04:21","date_gmt":"2015-02-14T22:04:21","guid":{"rendered":"http:\/\/wp.xn--paddelclub-berlingen-zec.de\/?page_id=49"},"modified":"2022-08-20T17:57:46","modified_gmt":"2022-08-20T15:57:46","slug":"kurse","status":"publish","type":"page","link":"https:\/\/xn--paddelclub-berlingen-zec.de\/?page_id=49","title":{"rendered":"Kurse"},"content":{"rendered":"<p>Frei nach dem Motto &#8222;man lernt nie aus&#8220; bieten wir Kurse an, um Wissen aufzufrischen und zu erweitern.<\/p>\n<p><strong>Aufbaukurs:<br \/>\n<\/strong>Wir bieten j\u00e4hrlich Aufbaukurse an, die sowohl f\u00fcr Neumitglieder als auch f\u00fcr Bestandsmitglieder geeignet sind. Der Kurs wird in einer kleinen Gruppe durchgef\u00fchrt, um maximalen Lernerfolg in relativ kurzer Zeit zu gew\u00e4hrleisten. Die Teilnahme am Kurs ist nur nach Anmeldung m\u00f6glich. Man sollte ca. 4 Stunden Zeit mitbringen sowie Wechselkleidung, da wir nicht nur auf dem Wasser, sondern auch im Wasser sein werden.<br \/>\nDas genaue Programm stellen wir, je nach Vorkenntnissen und W\u00fcnschen der Gruppe, individuell zusammen.<br \/>\nUnser angestrebtes Ziel soll sein, die Lehrinhalte des Anf\u00e4ngertrainings zu festigen, weitere Grundtechniken zu erlernen, mehr Bootsgef\u00fchl zu erlangen, eventuell vorhandene \u00c4ngste abzubauen, Sicherheitstechniken zu erlernen &#8211; und der Spa\u00df sollte nat\u00fcrlich auch nicht zu kurz kommen.<\/p>\n<p>Das Programm k\u00f6nnte in etwa so aussehen:<\/p>\n<ul>\n<li>Umgang mit der Spritzdecke\/Schwimmweste<\/li>\n<li>Sicheres Ein- und Aussteigen<\/li>\n<li>Ankanten und das Fahren enger Kreise ohne Benutzung der Steueranlage<\/li>\n<li>Paddelst\u00fctze, seitliches Paddeln, Anlegeman\u00f6ver<\/li>\n<li>Lenzen der Boote, Wiedereinstieg auf dem Wasser<\/li>\n<li>&#8230;&#8230;&#8230;.<\/li>\n<\/ul>\n<p>Interesse geweckt? Dann geht es hier zur \u2014\u2014\u2192 <a title=\"Anmeldung zum Aufbautraining\" href=\"http:\/\/xn--paddelclub-berlingen-zec.de\/?page_id=198\">Anmeldung zum Aufbautraining<\/a><\/p>\n<hr \/>\n<p><strong>Regionales-Sicherheits-Training (RST) der Salzwasser Union:<br \/>\n<\/strong>Einmal im Jahr ist die Salzwasser Union &#8211; Verband der Seekajakfahrer e.V. bei uns zu Gast, um ihr RST durchzuf\u00fchren. Eine Teilnahmem\u00f6glichkeit besteht auch f\u00fcr Mitglieder des PC\u00dc, allerdings nur nach Anmeldung, da die Teilnehmerzahl begrenzt ist.<br \/>\nInhalte des dreit\u00e4gigen Kurses (Fr-So) sind unter anderem die Paddeltechnik und verschiedene Rettungstechniken.<br \/>\nF\u00fcr mehr Informationen und Anmeldung bitte die <a href=\"http:\/\/www.salzwasserunion.de\" target=\"_blank\" rel=\"noopener\">Homepage der Salzwasser Union<\/a> besuchen oder den Aushang im PC\u00dc beachten.<\/p>\n","protected":false},"excerpt":{"rendered":"<p>Frei nach dem Motto &#8222;man lernt nie aus&#8220; bieten wir Kurse an, um Wissen aufzufrischen und zu erweitern. Aufbaukurs: Wir bieten j\u00e4hrlich Aufbaukurse an, die sowohl f\u00fcr Neumitglieder als auch f\u00fcr Bestandsmitglieder geeignet sind. Der Kurs wird in einer kleinen Gruppe durchgef\u00fchrt, um maximalen Lernerfolg in relativ kurzer Zeit zu gew\u00e4hrleisten. Die Teilnahme am Kurs [&hellip;]<\/p>\n","protected":false},"author":1,"featured_media":0,"parent":43,"menu_order":3,"comment_status":"closed","ping_status":"closed","template":"","meta":{"footnotes":""},"class_list":["post-49","page","type-page","status-publish","hentry"],"_links":{"self":[{"href":"https:\/\/xn--paddelclub-berlingen-zec.de\/index.php?rest_route=\/wp\/v2\/pages\/49","targetHints":{"allow":["GET"]}}],"collection":[{"href":"https:\/\/xn--paddelclub-berlingen-zec.de\/index.php?rest_route=\/wp\/v2\/pages"}],"about":[{"href":"https:\/\/xn--paddelclub-berlingen-zec.de\/index.php?rest_route=\/wp\/v2\/types\/page"}],"author":[{"embeddable":true,"href":"https:\/\/xn--paddelclub-berlingen-zec.de\/index.php?rest_route=\/wp\/v2\/users\/1"}],"replies":[{"embeddable":true,"href":"https:\/\/xn--paddelclub-berlingen-zec.de\/index.php?rest_route=%2Fwp%2Fv2%2Fcomments&post=49"}],"version-history":[{"count":6,"href":"https:\/\/xn--paddelclub-berlingen-zec.de\/index.php?rest_route=\/wp\/v2\/pages\/49\/revisions"}],"predecessor-version":[{"id":3313,"href":"https:\/\/xn--paddelclub-berlingen-zec.de\/index.php?rest_route=\/wp\/v2\/pages\/49\/revisions\/3313"}],"up":[{"embeddable":true,"href":"https:\/\/xn--paddelclub-berlingen-zec.de\/index.php?rest_route=\/wp\/v2\/pages\/43"}],"wp:attachment":[{"href":"https:\/\/xn--paddelclub-berlingen-zec.de\/index.php?rest_route=%2Fwp%2Fv2%2Fmedia&parent=49"}],"curies":[{"name":"wp","href":"https:\/\/api.w.org\/{rel}","templated":true}]}}