{"id":47,"date":"2015-02-14T23:03:42","date_gmt":"2015-02-14T22:03:42","guid":{"rendered":"http:\/\/wp.xn--paddelclub-berlingen-zec.de\/?page_id=47"},"modified":"2016-02-12T11:55:00","modified_gmt":"2016-02-12T10:55:00","slug":"ausfahrten","status":"publish","type":"page","link":"https:\/\/xn--paddelclub-berlingen-zec.de\/?page_id=47","title":{"rendered":"Ausfahrten"},"content":{"rendered":"<p>Unser Verein bietet in seinem Jahresprogramm verschiedene Veranstaltungen an. Obligatorisch ist das Anpaddeln im Fr\u00fchjahr, um die Saison offiziell zu er\u00f6ffnen, sowie das Abpaddeln im Herbst, wenn sich das Paddeljahr leider dem Ende zuneigt.<br \/>\nEs ist f\u00fcr jeden etwas dabei, egal ob jung oder alt, gro\u00df oder klein, erfahren oder unerfahren, jeder kann teilnehmen.<\/p>\n<p>Alle Termine zu unseren Vereinsausfahrten befinden sich in unserem <a title=\"Jahresprogramm\" href=\"http:\/\/xn--paddelclub-berlingen-zec.de\/?page_id=7\">Jahresprogramm<\/a>.<\/p>\n","protected":false},"excerpt":{"rendered":"<p>Unser Verein bietet in seinem Jahresprogramm verschiedene Veranstaltungen an. Obligatorisch ist das Anpaddeln im Fr\u00fchjahr, um die Saison offiziell zu er\u00f6ffnen, sowie das Abpaddeln im Herbst, wenn sich das Paddeljahr leider dem Ende zuneigt. Es ist f\u00fcr jeden etwas dabei, egal ob jung oder alt, gro\u00df oder klein, erfahren oder unerfahren, jeder kann teilnehmen. Alle [&hellip;]<\/p>\n","protected":false},"author":1,"featured_media":0,"parent":43,"menu_order":2,"comment_status":"closed","ping_status":"closed","template":"","meta":{"footnotes":""},"class_list":["post-47","page","type-page","status-publish","hentry"],"_links":{"self":[{"href":"https:\/\/xn--paddelclub-berlingen-zec.de\/index.php?rest_route=\/wp\/v2\/pages\/47","targetHints":{"allow":["GET"]}}],"collection":[{"href":"https:\/\/xn--paddelclub-berlingen-zec.de\/index.php?rest_route=\/wp\/v2\/pages"}],"about":[{"href":"https:\/\/xn--paddelclub-berlingen-zec.de\/index.php?rest_route=\/wp\/v2\/types\/page"}],"author":[{"embeddable":true,"href":"https:\/\/xn--paddelclub-berlingen-zec.de\/index.php?rest_route=\/wp\/v2\/users\/1"}],"replies":[{"embeddable":true,"href":"https:\/\/xn--paddelclub-berlingen-zec.de\/index.php?rest_route=%2Fwp%2Fv2%2Fcomments&post=47"}],"version-history":[{"count":5,"href":"https:\/\/xn--paddelclub-berlingen-zec.de\/index.php?rest_route=\/wp\/v2\/pages\/47\/revisions"}],"predecessor-version":[{"id":1610,"href":"https:\/\/xn--paddelclub-berlingen-zec.de\/index.php?rest_route=\/wp\/v2\/pages\/47\/revisions\/1610"}],"up":[{"embeddable":true,"href":"https:\/\/xn--paddelclub-berlingen-zec.de\/index.php?rest_route=\/wp\/v2\/pages\/43"}],"wp:attachment":[{"href":"https:\/\/xn--paddelclub-berlingen-zec.de\/index.php?rest_route=%2Fwp%2Fv2%2Fmedia&parent=47"}],"curies":[{"name":"wp","href":"https:\/\/api.w.org\/{rel}","templated":true}]}}