{"id":40,"date":"2015-02-14T22:55:35","date_gmt":"2015-02-14T21:55:35","guid":{"rendered":"http:\/\/wp.xn--paddelclub-berlingen-zec.de\/?page_id=40"},"modified":"2015-03-08T20:23:45","modified_gmt":"2015-03-08T19:23:45","slug":"unser-gelaende","status":"publish","type":"page","link":"https:\/\/xn--paddelclub-berlingen-zec.de\/?page_id=40","title":{"rendered":"Unser Gel\u00e4nde"},"content":{"rendered":"<p>Unser gro\u00dfz\u00fcgiges Vereinsgel\u00e4nde beherbergt ein Clubhaus mit Aufenthaltsraum, K\u00fcche,\u00a0 Sanit\u00e4ranlagen und Umkleiden sowie drei Bootsh\u00e4usern. Die Gr\u00fcnanlagen bieten Platz f\u00fcr Zeltg\u00e4ste und Sonnenanbeter, aber auch ein Federballspiel ist m\u00f6glich.<\/p>\n\n\t\t<style type=\"text\/css\">\n\t\t\t#gallery-1 {\n\t\t\t\tmargin: auto;\n\t\t\t}\n\t\t\t#gallery-1 .gallery-item {\n\t\t\t\tfloat: left;\n\t\t\t\tmargin-top: 10px;\n\t\t\t\ttext-align: center;\n\t\t\t\twidth: 100%;\n\t\t\t}\n\t\t\t#gallery-1 img {\n\t\t\t\tborder: 2px solid #cfcfcf;\n\t\t\t}\n\t\t\t#gallery-1 .gallery-caption {\n\t\t\t\tmargin-left: 0;\n\t\t\t}\n\t\t\t\/* see gallery_shortcode() in wp-includes\/media.php *\/\n\t\t<\/style>\n\t\t<div id='gallery-1' class='gallery galleryid-40 gallery-columns-1 gallery-size-large'><dl class='gallery-item'>\n\t\t\t<dt class='gallery-icon landscape'>\n\t\t\t\t<a href='https:\/\/xn--paddelclub-berlingen-zec.de\/wp-content\/uploads\/2015\/02\/K1024_IMG_4470.jpg'><img loading=\"lazy\" decoding=\"async\" width=\"625\" height=\"386\" src=\"https:\/\/xn--paddelclub-berlingen-zec.de\/wp-content\/uploads\/2015\/02\/K1024_IMG_4470.jpg\" class=\"attachment-large size-large\" alt=\"\" aria-describedby=\"gallery-1-1271\" srcset=\"https:\/\/xn--paddelclub-berlingen-zec.de\/wp-content\/uploads\/2015\/02\/K1024_IMG_4470.jpg 1021w, https:\/\/xn--paddelclub-berlingen-zec.de\/wp-content\/uploads\/2015\/02\/K1024_IMG_4470-300x185.jpg 300w, https:\/\/xn--paddelclub-berlingen-zec.de\/wp-content\/uploads\/2015\/02\/K1024_IMG_4470-624x386.jpg 624w\" sizes=\"auto, (max-width: 625px) 100vw, 625px\" \/><\/a>\n\t\t\t<\/dt>\n\t\t\t\t<dd class='wp-caption-text gallery-caption' id='gallery-1-1271'>\n\t\t\t\tClubhaus und angrenzende Bootsh\u00e4user\n\t\t\t\t<\/dd><\/dl><br style=\"clear: both\" \/><dl class='gallery-item'>\n\t\t\t<dt class='gallery-icon landscape'>\n\t\t\t\t<a href='https:\/\/xn--paddelclub-berlingen-zec.de\/wp-content\/uploads\/2015\/02\/K1024_IMG_4454-e1425229091577.jpg'><img loading=\"lazy\" decoding=\"async\" width=\"625\" height=\"403\" src=\"https:\/\/xn--paddelclub-berlingen-zec.de\/wp-content\/uploads\/2015\/02\/K1024_IMG_4454-e1425229091577-1024x661.jpg\" class=\"attachment-large size-large\" alt=\"\" aria-describedby=\"gallery-1-1269\" srcset=\"https:\/\/xn--paddelclub-berlingen-zec.de\/wp-content\/uploads\/2015\/02\/K1024_IMG_4454-e1425229091577-1024x661.jpg 1024w, https:\/\/xn--paddelclub-berlingen-zec.de\/wp-content\/uploads\/2015\/02\/K1024_IMG_4454-e1425229091577-300x194.jpg 300w, https:\/\/xn--paddelclub-berlingen-zec.de\/wp-content\/uploads\/2015\/02\/K1024_IMG_4454-e1425229091577-624x403.jpg 624w, https:\/\/xn--paddelclub-berlingen-zec.de\/wp-content\/uploads\/2015\/02\/K1024_IMG_4454-e1425229091577.jpg 1056w\" sizes=\"auto, (max-width: 625px) 100vw, 625px\" \/><\/a>\n\t\t\t<\/dt>\n\t\t\t\t<dd class='wp-caption-text gallery-caption' id='gallery-1-1269'>\n\t\t\t\tAufenthaltsraum im Clubhaus\n\t\t\t\t<\/dd><\/dl><br style=\"clear: both\" \/><dl class='gallery-item'>\n\t\t\t<dt class='gallery-icon landscape'>\n\t\t\t\t<a href='https:\/\/xn--paddelclub-berlingen-zec.de\/wp-content\/uploads\/2015\/02\/K1024_SAM_0575.jpg'><img loading=\"lazy\" decoding=\"async\" width=\"625\" height=\"469\" src=\"https:\/\/xn--paddelclub-berlingen-zec.de\/wp-content\/uploads\/2015\/02\/K1024_SAM_0575-1024x768.jpg\" class=\"attachment-large size-large\" alt=\"\" aria-describedby=\"gallery-1-1265\" srcset=\"https:\/\/xn--paddelclub-berlingen-zec.de\/wp-content\/uploads\/2015\/02\/K1024_SAM_0575.jpg 1024w, https:\/\/xn--paddelclub-berlingen-zec.de\/wp-content\/uploads\/2015\/02\/K1024_SAM_0575-300x225.jpg 300w, https:\/\/xn--paddelclub-berlingen-zec.de\/wp-content\/uploads\/2015\/02\/K1024_SAM_0575-624x468.jpg 624w\" sizes=\"auto, (max-width: 625px) 100vw, 625px\" \/><\/a>\n\t\t\t<\/dt>\n\t\t\t\t<dd class='wp-caption-text gallery-caption' id='gallery-1-1265'>\n\t\t\t\tAuf dieser Wiese k\u00f6nnen Mitglieder des Deutschen Kanuverbands (DKV) sowie des Bodensee-Kanurings (BKR) Ihr Zelt aufschlagen.\n\t\t\t\t<\/dd><\/dl><br style=\"clear: both\" \/><dl class='gallery-item'>\n\t\t\t<dt class='gallery-icon landscape'>\n\t\t\t\t<a href='https:\/\/xn--paddelclub-berlingen-zec.de\/wp-content\/uploads\/2015\/02\/K1024_SAM_0574.jpg'><img loading=\"lazy\" decoding=\"async\" width=\"625\" height=\"469\" src=\"https:\/\/xn--paddelclub-berlingen-zec.de\/wp-content\/uploads\/2015\/02\/K1024_SAM_0574-1024x768.jpg\" class=\"attachment-large size-large\" alt=\"\" aria-describedby=\"gallery-1-1264\" srcset=\"https:\/\/xn--paddelclub-berlingen-zec.de\/wp-content\/uploads\/2015\/02\/K1024_SAM_0574.jpg 1024w, https:\/\/xn--paddelclub-berlingen-zec.de\/wp-content\/uploads\/2015\/02\/K1024_SAM_0574-300x225.jpg 300w, https:\/\/xn--paddelclub-berlingen-zec.de\/wp-content\/uploads\/2015\/02\/K1024_SAM_0574-624x468.jpg 624w\" sizes=\"auto, (max-width: 625px) 100vw, 625px\" \/><\/a>\n\t\t\t<\/dt>\n\t\t\t\t<dd class='wp-caption-text gallery-caption' id='gallery-1-1264'>\n\t\t\t\tAuf der zweiten Wiese kann entspannt werden. Und auch\u2026\n\t\t\t\t<\/dd><\/dl><br style=\"clear: both\" \/><dl class='gallery-item'>\n\t\t\t<dt class='gallery-icon landscape'>\n\t\t\t\t<a href='https:\/\/xn--paddelclub-berlingen-zec.de\/wp-content\/uploads\/2015\/02\/K1024_SAM_0581.jpg'><img loading=\"lazy\" decoding=\"async\" width=\"625\" height=\"469\" src=\"https:\/\/xn--paddelclub-berlingen-zec.de\/wp-content\/uploads\/2015\/02\/K1024_SAM_0581-1024x768.jpg\" class=\"attachment-large size-large\" alt=\"\" aria-describedby=\"gallery-1-1266\" srcset=\"https:\/\/xn--paddelclub-berlingen-zec.de\/wp-content\/uploads\/2015\/02\/K1024_SAM_0581.jpg 1024w, https:\/\/xn--paddelclub-berlingen-zec.de\/wp-content\/uploads\/2015\/02\/K1024_SAM_0581-300x225.jpg 300w, https:\/\/xn--paddelclub-berlingen-zec.de\/wp-content\/uploads\/2015\/02\/K1024_SAM_0581-624x468.jpg 624w\" sizes=\"auto, (max-width: 625px) 100vw, 625px\" \/><\/a>\n\t\t\t<\/dt>\n\t\t\t\t<dd class='wp-caption-text gallery-caption' id='gallery-1-1266'>\n\t\t\t\t\u2026eine Grillstelle steht zur Verf\u00fcgung. F\u00fcr Holz ist immer gesorgt, fehlt nur Fleisch und Wurst.\n\t\t\t\t<\/dd><\/dl><br style=\"clear: both\" \/><dl class='gallery-item'>\n\t\t\t<dt class='gallery-icon landscape'>\n\t\t\t\t<a href='https:\/\/xn--paddelclub-berlingen-zec.de\/wp-content\/uploads\/2015\/02\/K1024_SAM_0558.jpg'><img loading=\"lazy\" decoding=\"async\" width=\"625\" height=\"460\" src=\"https:\/\/xn--paddelclub-berlingen-zec.de\/wp-content\/uploads\/2015\/02\/K1024_SAM_0558-1024x754.jpg\" class=\"attachment-large size-large\" alt=\"\" aria-describedby=\"gallery-1-1263\" srcset=\"https:\/\/xn--paddelclub-berlingen-zec.de\/wp-content\/uploads\/2015\/02\/K1024_SAM_0558-1024x754.jpg 1024w, https:\/\/xn--paddelclub-berlingen-zec.de\/wp-content\/uploads\/2015\/02\/K1024_SAM_0558-300x221.jpg 300w, https:\/\/xn--paddelclub-berlingen-zec.de\/wp-content\/uploads\/2015\/02\/K1024_SAM_0558-624x459.jpg 624w, https:\/\/xn--paddelclub-berlingen-zec.de\/wp-content\/uploads\/2015\/02\/K1024_SAM_0558.jpg 1043w\" sizes=\"auto, (max-width: 625px) 100vw, 625px\" \/><\/a>\n\t\t\t<\/dt>\n\t\t\t\t<dd class='wp-caption-text gallery-caption' id='gallery-1-1263'>\n\t\t\t\tSicht auf die Steganlage\n\t\t\t\t<\/dd><\/dl><br style=\"clear: both\" \/>\n\t\t<\/div>\n\n","protected":false},"excerpt":{"rendered":"<p>Unser gro\u00dfz\u00fcgiges Vereinsgel\u00e4nde beherbergt ein Clubhaus mit Aufenthaltsraum, K\u00fcche,\u00a0 Sanit\u00e4ranlagen und Umkleiden sowie drei Bootsh\u00e4usern. Die Gr\u00fcnanlagen bieten Platz f\u00fcr Zeltg\u00e4ste und Sonnenanbeter, aber auch ein Federballspiel ist m\u00f6glich.<\/p>\n","protected":false},"author":1,"featured_media":0,"parent":32,"menu_order":3,"comment_status":"closed","ping_status":"closed","template":"","meta":{"footnotes":""},"class_list":["post-40","page","type-page","status-publish","hentry"],"_links":{"self":[{"href":"https:\/\/xn--paddelclub-berlingen-zec.de\/index.php?rest_route=\/wp\/v2\/pages\/40","targetHints":{"allow":["GET"]}}],"collection":[{"href":"https:\/\/xn--paddelclub-berlingen-zec.de\/index.php?rest_route=\/wp\/v2\/pages"}],"about":[{"href":"https:\/\/xn--paddelclub-berlingen-zec.de\/index.php?rest_route=\/wp\/v2\/types\/page"}],"author":[{"embeddable":true,"href":"https:\/\/xn--paddelclub-berlingen-zec.de\/index.php?rest_route=\/wp\/v2\/users\/1"}],"replies":[{"embeddable":true,"href":"https:\/\/xn--paddelclub-berlingen-zec.de\/index.php?rest_route=%2Fwp%2Fv2%2Fcomments&post=40"}],"version-history":[{"count":15,"href":"https:\/\/xn--paddelclub-berlingen-zec.de\/index.php?rest_route=\/wp\/v2\/pages\/40\/revisions"}],"predecessor-version":[{"id":1297,"href":"https:\/\/xn--paddelclub-berlingen-zec.de\/index.php?rest_route=\/wp\/v2\/pages\/40\/revisions\/1297"}],"up":[{"embeddable":true,"href":"https:\/\/xn--paddelclub-berlingen-zec.de\/index.php?rest_route=\/wp\/v2\/pages\/32"}],"wp:attachment":[{"href":"https:\/\/xn--paddelclub-berlingen-zec.de\/index.php?rest_route=%2Fwp%2Fv2%2Fmedia&parent=40"}],"curies":[{"name":"wp","href":"https:\/\/api.w.org\/{rel}","templated":true}]}}