{"id":398,"date":"2015-02-15T19:40:21","date_gmt":"2015-02-15T18:40:21","guid":{"rendered":"http:\/\/wp.xn--paddelclub-berlingen-zec.de\/?page_id=398"},"modified":"2015-02-15T19:40:21","modified_gmt":"2015-02-15T18:40:21","slug":"jahreshauptversammlung","status":"publish","type":"page","link":"https:\/\/xn--paddelclub-berlingen-zec.de\/?page_id=398","title":{"rendered":"Jahreshauptversammlung"},"content":{"rendered":"<div align=\"left\">Am Samstag, 24.03.07, fand die Jahreshauptversammlung 2007 des PC\u00dc statt. Traditionell hatte der Vorstand in das Gasthaus &#8222;L\u00f6wen&#8220; in Deisendorf eingeladen. Etwa 65 Mitglieder nutzten die Gelegenheit, sich \u00fcber das vergangene Sportjahr 2006 zu informieren, und f\u00fcllten somit die Veranstaltungsr\u00e4umlichkeit nahezu aus.<\/div>\n<div align=\"left\"><\/div>\n<div align=\"left\">Vorsitzender Heinz Kr\u00fcmmer lie\u00df das letzte Jahr nochmals Revue passieren und fasste die wichtigsten Ereignisse und Aktivit\u00e4ten in seinem R\u00fcckblick zusammen.<\/div>\n<div align=\"left\">Den normalerweise recht trockenen Jahresbericht des Kassenwartes vermittelte Hans Keuck sehr anschaulich in einer Bildschirmpr\u00e4sentation und verwandelte hierdurch nackte Zahlen in aussagekr\u00e4ftige Diagramme. So wurde schlie\u00dflich auch der Vorstand einstimmig entlastet, nachdem die Kassenpr\u00fcfer die korrekte Buchf\u00fchrung festgestellt hatten.<\/div>\n<div align=\"left\"><\/div>\n<div align=\"left\">Leider konnte auch in dieser Versammlung die Frage nach der Besetzung der Stellen von Wander- und Jugendwart nicht gekl\u00e4rt werden. F\u00fcr die Jugendarbeit wurde jedoch eine \u00dcbergangsl\u00f6sung in Zusammenarbeit mit der Paddel-AG des Gymnasiums unter Leitung von unserem zweiten Vorsitzenden Markus Aigner angeregt, welche positiv aufgenommen wurde.<\/div>\n<div align=\"left\"><\/div>\n<div align=\"left\">Insgesamt vier Clubmitglieder wurden von Heinz Kr\u00fcmmer f\u00fcr ihre 25-j\u00e4hrige Zugeh\u00f6rigkeit zum PC\u00dc geehrt. Des weiteren wurden f\u00fcr das noch in diesem Jahr statt findende 70-j\u00e4hrige Vereinsjubil\u00e4um die ersten Absprachen bez\u00fcglich der Vorbereitung getroffen und die Mitglieder aufgefordert, sich in entsprechenden Arbeitsgruppen einzubringen.<\/div>\n<div align=\"left\"><\/div>\n<div align=\"left\">Eine multimediale Diashow von Markus Aigner mit wundersch\u00f6nen Bildern aus dem Clubjahr 2006 rundete die diesj\u00e4hrige Jahreshauptversammlung ab.<\/div>\n","protected":false},"excerpt":{"rendered":"<p>Am Samstag, 24.03.07, fand die Jahreshauptversammlung 2007 des PC\u00dc statt. Traditionell hatte der Vorstand in das Gasthaus &#8222;L\u00f6wen&#8220; in Deisendorf eingeladen. Etwa 65 Mitglieder nutzten die Gelegenheit, sich \u00fcber das vergangene Sportjahr 2006 zu informieren, und f\u00fcllten somit die Veranstaltungsr\u00e4umlichkeit nahezu aus. Vorsitzender Heinz Kr\u00fcmmer lie\u00df das letzte Jahr nochmals Revue passieren und fasste die [&hellip;]<\/p>\n","protected":false},"author":1,"featured_media":0,"parent":396,"menu_order":0,"comment_status":"open","ping_status":"open","template":"","meta":{"footnotes":""},"class_list":["post-398","page","type-page","status-publish","hentry"],"_links":{"self":[{"href":"https:\/\/xn--paddelclub-berlingen-zec.de\/index.php?rest_route=\/wp\/v2\/pages\/398","targetHints":{"allow":["GET"]}}],"collection":[{"href":"https:\/\/xn--paddelclub-berlingen-zec.de\/index.php?rest_route=\/wp\/v2\/pages"}],"about":[{"href":"https:\/\/xn--paddelclub-berlingen-zec.de\/index.php?rest_route=\/wp\/v2\/types\/page"}],"author":[{"embeddable":true,"href":"https:\/\/xn--paddelclub-berlingen-zec.de\/index.php?rest_route=\/wp\/v2\/users\/1"}],"replies":[{"embeddable":true,"href":"https:\/\/xn--paddelclub-berlingen-zec.de\/index.php?rest_route=%2Fwp%2Fv2%2Fcomments&post=398"}],"version-history":[{"count":1,"href":"https:\/\/xn--paddelclub-berlingen-zec.de\/index.php?rest_route=\/wp\/v2\/pages\/398\/revisions"}],"predecessor-version":[{"id":399,"href":"https:\/\/xn--paddelclub-berlingen-zec.de\/index.php?rest_route=\/wp\/v2\/pages\/398\/revisions\/399"}],"up":[{"embeddable":true,"href":"https:\/\/xn--paddelclub-berlingen-zec.de\/index.php?rest_route=\/wp\/v2\/pages\/396"}],"wp:attachment":[{"href":"https:\/\/xn--paddelclub-berlingen-zec.de\/index.php?rest_route=%2Fwp%2Fv2%2Fmedia&parent=398"}],"curies":[{"name":"wp","href":"https:\/\/api.w.org\/{rel}","templated":true}]}}