{"id":3829,"date":"2024-03-30T10:27:30","date_gmt":"2024-03-30T09:27:30","guid":{"rendered":"https:\/\/xn--paddelclub-berlingen-zec.de\/?page_id=3829"},"modified":"2026-03-14T11:54:11","modified_gmt":"2026-03-14T10:54:11","slug":"aufnahmeverfahren-2024","status":"publish","type":"page","link":"https:\/\/xn--paddelclub-berlingen-zec.de\/?page_id=3829","title":{"rendered":"Aufnahmeverfahren 2026"},"content":{"rendered":"\n<p>Terminerinnerung zum Kennenlerntreffen: Samstag, 18. April, 10:00 bis ca. 11:30 Uhr im Clubhaus des PC\u00dc (Standweg 20, 88662 \u00dcberlingen)<\/p>\n\n\n\n<hr class=\"wp-block-separator has-alpha-channel-opacity\"\/>\n\n\n\n<p>Alle die beim Losverfahren zum Kennenlerntreffen erfolgreich waren, melden sich bitte unten zu <strong>einem<\/strong> Anf\u00e4ngertraining an. <br><strong>Pro Erwachsener Person<\/strong> bitte <strong>eine<\/strong> Anmeldung! Die Kinder m\u00fcssen <strong>nicht<\/strong> angemeldet werden.<br>(Die Teilnehmerzahl je Termin ist aus organisatorischen Gr\u00fcnden begrenzt)<\/p>\n\n\n\n<p>Die <strong>Anf\u00e4ngertrainings<\/strong> finden statt am:<br><br>Samstag, 23. Mai, 09:00 bis ca. 13:30 Uhr<br><em>Zur Anmeldung:<\/em> <a href=\"https:\/\/paddelclub-\u00fcberlingen.de\/?event=kennenlerntreffen-1-2-2\" target=\"_blank\" rel=\"noreferrer noopener\">&#8212;> Klick mich an &lt;&#8212;<\/a><br><br>Freitag, 12. Juni, 15:00 bis ca. 19:30 Uhr<br><em>Zur Anmeldung: <\/em><a href=\"https:\/\/paddelclub-\u00fcberlingen.de\/?event=kennenlerntreffen-1-2-2-2\" target=\"_blank\" rel=\"noreferrer noopener\">&#8212;> Klick mich an &lt;&#8212;<\/a><\/p>\n\n\n\n<p>Samstag, 13. Juni, 09:00 bis ca. 13:30 Uhr<br><em>Zur Anmeldung: <\/em><a href=\"https:\/\/paddelclub-\u00fcberlingen.de\/?event=kennenlerntreffen-1-2-2-2-3\" target=\"_blank\" rel=\"noreferrer noopener\">&#8212;> Klick mich an &lt;&#8212;<\/a><br><br>(Die Teilnahme an EINEM dieser Termine ist verpflichtend, ebenso wie die Teilnahme am Kennenlerntreffen)<\/p>\n","protected":false},"excerpt":{"rendered":"<p>Terminerinnerung zum Kennenlerntreffen: Samstag, 18. April, 10:00 bis ca. 11:30 Uhr im Clubhaus des PC\u00dc (Standweg 20, 88662 \u00dcberlingen) Alle die beim Losverfahren zum Kennenlerntreffen erfolgreich waren, melden sich bitte unten zu einem Anf\u00e4ngertraining an. Pro Erwachsener Person bitte eine Anmeldung! Die Kinder m\u00fcssen nicht angemeldet werden.(Die Teilnehmerzahl je Termin ist aus organisatorischen Gr\u00fcnden begrenzt) [&hellip;]<\/p>\n","protected":false},"author":1,"featured_media":0,"parent":0,"menu_order":0,"comment_status":"closed","ping_status":"closed","template":"","meta":{"footnotes":""},"class_list":["post-3829","page","type-page","status-publish","hentry"],"_links":{"self":[{"href":"https:\/\/xn--paddelclub-berlingen-zec.de\/index.php?rest_route=\/wp\/v2\/pages\/3829","targetHints":{"allow":["GET"]}}],"collection":[{"href":"https:\/\/xn--paddelclub-berlingen-zec.de\/index.php?rest_route=\/wp\/v2\/pages"}],"about":[{"href":"https:\/\/xn--paddelclub-berlingen-zec.de\/index.php?rest_route=\/wp\/v2\/types\/page"}],"author":[{"embeddable":true,"href":"https:\/\/xn--paddelclub-berlingen-zec.de\/index.php?rest_route=\/wp\/v2\/users\/1"}],"replies":[{"embeddable":true,"href":"https:\/\/xn--paddelclub-berlingen-zec.de\/index.php?rest_route=%2Fwp%2Fv2%2Fcomments&post=3829"}],"version-history":[{"count":9,"href":"https:\/\/xn--paddelclub-berlingen-zec.de\/index.php?rest_route=\/wp\/v2\/pages\/3829\/revisions"}],"predecessor-version":[{"id":4321,"href":"https:\/\/xn--paddelclub-berlingen-zec.de\/index.php?rest_route=\/wp\/v2\/pages\/3829\/revisions\/4321"}],"wp:attachment":[{"href":"https:\/\/xn--paddelclub-berlingen-zec.de\/index.php?rest_route=%2Fwp%2Fv2%2Fmedia&parent=3829"}],"curies":[{"name":"wp","href":"https:\/\/api.w.org\/{rel}","templated":true}]}}