{"id":38,"date":"2015-02-14T22:52:11","date_gmt":"2015-02-14T21:52:11","guid":{"rendered":"http:\/\/wp.xn--paddelclub-berlingen-zec.de\/?page_id=38"},"modified":"2026-03-14T11:50:28","modified_gmt":"2026-03-14T10:50:28","slug":"mitgliedschaft","status":"publish","type":"page","link":"https:\/\/xn--paddelclub-berlingen-zec.de\/?page_id=38","title":{"rendered":"Mitgliedschaft"},"content":{"rendered":"<p>Das Aufnahmeverfahren ist in zwei Schritte aufgeteilt:<\/p>\n<p>&#8211; Schritt 1: Kennenlerntreffen <strong>(Anmeldezeitraum So, 15.02. bis einschlie\u00dflich So, 01.03.2026)<\/strong><br \/>\n&#8211; Schritt 2: Anf\u00e4ngertraining <strong>(Anmeldung nach erfolgreichem Losverfahren)<\/strong><\/p>\n<p>F\u00fcr die Aufnahme in den Verein <strong>m\u00fcssen<\/strong> beide Schritte in der aufgezeigten Reihenfolge durchlaufen werden. Die Teilnehmerzahl ist begrenzt!<\/p>\n<p><span style=\"color: #ff6600;\"><em>Lesen Sie bitte die folgenden Erl\u00e4uterungen sorgf\u00e4ltig durch, die h\u00e4ufigsten Fragen kl\u00e4ren sich dabei von alleine.<\/em><\/span><\/p>\n<hr \/>\n<p><strong><span style=\"text-decoration: underline;\">Schritt 1:<\/span><\/strong><\/p>\n<p>F\u00fcr alle, die als m\u00f6gliche Mitglieder in den Paddelclub \u00dcberlingen aufgenommen werden m\u00f6chten, findet im April ein <strong>Kennenlerntreffen<\/strong> statt. Die Teilnahme daran ist Voraussetzung f\u00fcr die Neuaufnahme.<\/p>\n<p>Bei den Treffen informieren wir \u00fcber:<\/p>\n<ul>\n<li>den Paddelclub \u00dcberlingen e.V.<\/li>\n<li>das Clubgel\u00e4nde und die Clubgeb\u00e4ude<\/li>\n<li>die Clubboote und die Ausr\u00fcstung<\/li>\n<li>das Aufnahmeverfahren<\/li>\n<li>die Beitragsordnung<\/li>\n<li>die Sicherheitsregeln<\/li>\n<li>die Rechte und Pflichten der Mitglieder.<\/li>\n<\/ul>\n<p><em><strong>Das Kennenlerntreffen 2026 findet statt am:<\/strong><\/em><br \/>\n<em><strong>Samstag, 18. April, 10:00 bis ca. 11:30 Uhr im Clubhaus des PC\u00dc<\/strong><\/em><\/p>\n<p>Eine vorherige Anmeldung ist <span style=\"text-decoration: underline;\">zwingend erforderlich.<\/span> Die Teilnehmerzahl ist begrenzt!<\/p>\n<p><strong><span style=\"color: #ff0000;\">ACHTUNG: <span style=\"color: #000000;\">Erfahrungsgem\u00e4\u00df <\/span><\/span>wird die Anzahl der Anmeldungen deutlich h\u00f6her sein als die tats\u00e4chlich verf\u00fcgbaren Pl\u00e4tze, es besteht daher KEIN Zeitdruck, der gesamte Anmeldezeitraum (So, 15.02. bis einschlie\u00dflich So, 01.03.2026) kann genutzt werden.<br \/>\n<\/strong><strong>Anschlie\u00dfend erfolgt ein Losverfahren unter allen Interessenten!<br \/>\n<\/strong>(Die Reihenfolge der eingehenden Anmeldungen spielt keine Rolle)<strong><br \/>\n<\/strong><\/p>\n<p><span style=\"color: #000000;\">Hier geht&#8217;s zum Anmeldeformular \u2014\u2014\u2192 <a title=\"Anmeldung zum Kennenlerntreffen\" href=\"http:\/\/xn--paddelclub-berlingen-zec.de\/?page_id=107\">Anmeldung zum Kennenlerntreffen<\/a><\/span><\/p>\n<hr \/>\n<p><strong><span style=\"text-decoration: underline;\">Schritt 2: <\/span><\/strong><\/p>\n<p>Eine weitere Voraussetzung f\u00fcr die Neuaufnahme ist die verpflichtende Teilnahme an einem <strong>Anf\u00e4ngertraining<\/strong>, bei dem die wichtigsten Grundkenntnisse des Paddelns und der richtige Umgang mit dem Bootsmaterial vermittelt werden.<\/p>\n<p>Bei den Treffen informieren wir \u00fcber:<\/p>\n<ul>\n<li>den richtigen Umgang mit dem Bootsmaterial<\/li>\n<li>die Erl\u00e4uterung der verschiedenen Boote, Paddel, Schwimmwesten etc.<\/li>\n<li>die Sicherheitsregeln und Gefahren auf dem Bodensee<\/li>\n<li>das Erlernen der Grundlagen des Kanusports auf dem Wasser (Technik, Ein- und Aussteigen etc.)<\/li>\n<\/ul>\n<p><em><strong>Die Anf\u00e4ngertrainings 2026 finden statt am:<\/strong><\/em><br \/>\n<em><strong>Samstag, 23. Mai, 09:00 bis ca. 13:30 Uhr <\/strong>(neu)<strong><br \/>\nFreitag, 12. Juni, 15:00 bis ca. 19:30 Uhr <\/strong>(neu)<strong><br \/>\nSamstag, 13. Juni, 09:00 bis ca. 13:30 Uhr<br \/>\n<del>Samstag, 13. Juni, 14:00 bis ca. 18:30 Uhr<\/del><\/strong> (entf\u00e4llt)<strong><br \/>\nauf dem Gel\u00e4nde des PC\u00dc<br \/>\n(Teilnahme an EINEM dieser Termine ist verpflichtend)<br \/>\n<\/strong><\/em><\/p>\n<p><span style=\"color: #000000;\">Anmeldung erfolgt nach erfolgreichem Losverfahren \u2014\u2014\u2192 <a title=\"Anmeldung zum Anf\u00e4ngertraining\" href=\"http:\/\/xn--paddelclub-berlingen-zec.de\/?page_id=191\">Anmeldung zum Anf\u00e4ngertraining<\/a><\/span><\/p>\n<hr \/>\n<p><strong><span style=\"text-decoration: underline;\">Und was folgt danach?<\/span><\/strong><\/p>\n<p>Falls Sie nun an unserem Verein und Sport Gefallen gefunden haben, ben\u00f6tigen wir nur noch Ihr ausgef\u00fclltes und unterschriebenes Antragsformular.<\/p>\n<p>Nach erfolgreicher Neuaufnahme wird der Clubschl\u00fcssel auf dem Postweg ausgeh\u00e4ndigt, mit dem Sie Zutritt zu unseren R\u00e4umlichkeiten erhalten.<\/p>\n<p><em>Tipp: Zudem bieten wir Termine f\u00fcr Aufbautrainings an, die sich f\u00fcr Neumitglieder ebenso wie f\u00fcr Bestandsmitglieder eignen. Dabei vertiefen wir die Inhalte des Anf\u00e4ngertrainings, erlernen weitere F\u00e4higkeiten, die uns den Kanusport-Alltag einfacher machen, wie Sicherheitstechniken zum Wiedereinstieg usw. Auf W\u00fcnsche und Fragen k\u00f6nnen wir dabei gezielt eingehen und das Programm individuell danach ausrichten.<\/em><\/p>\n<hr \/>\n<p>Timo Siefert (1. Vorsitzender)<\/p>\n<p><span style=\"color: #ffffff;\"><strong>!!! Unser Aufnahmeverfahren f\u00fcr 2019 ist bereits abgeschlossen. Eine Anmeldung ist erst wieder im Jahr 2020 m\u00f6glich, voraussichtlich ab 23.02.2020, wir bitten um Verst\u00e4ndnis !!!<\/strong><\/span><\/p>\n","protected":false},"excerpt":{"rendered":"<p>Das Aufnahmeverfahren ist in zwei Schritte aufgeteilt: &#8211; Schritt 1: Kennenlerntreffen (Anmeldezeitraum So, 15.02. bis einschlie\u00dflich So, 01.03.2026) &#8211; Schritt 2: Anf\u00e4ngertraining (Anmeldung nach erfolgreichem Losverfahren) F\u00fcr die Aufnahme in den Verein m\u00fcssen beide Schritte in der aufgezeigten Reihenfolge durchlaufen werden. Die Teilnehmerzahl ist begrenzt! Lesen Sie bitte die folgenden Erl\u00e4uterungen sorgf\u00e4ltig durch, die h\u00e4ufigsten [&hellip;]<\/p>\n","protected":false},"author":1,"featured_media":0,"parent":32,"menu_order":6,"comment_status":"closed","ping_status":"closed","template":"","meta":{"footnotes":""},"class_list":["post-38","page","type-page","status-publish","hentry"],"_links":{"self":[{"href":"https:\/\/xn--paddelclub-berlingen-zec.de\/index.php?rest_route=\/wp\/v2\/pages\/38","targetHints":{"allow":["GET"]}}],"collection":[{"href":"https:\/\/xn--paddelclub-berlingen-zec.de\/index.php?rest_route=\/wp\/v2\/pages"}],"about":[{"href":"https:\/\/xn--paddelclub-berlingen-zec.de\/index.php?rest_route=\/wp\/v2\/types\/page"}],"author":[{"embeddable":true,"href":"https:\/\/xn--paddelclub-berlingen-zec.de\/index.php?rest_route=\/wp\/v2\/users\/1"}],"replies":[{"embeddable":true,"href":"https:\/\/xn--paddelclub-berlingen-zec.de\/index.php?rest_route=%2Fwp%2Fv2%2Fcomments&post=38"}],"version-history":[{"count":63,"href":"https:\/\/xn--paddelclub-berlingen-zec.de\/index.php?rest_route=\/wp\/v2\/pages\/38\/revisions"}],"predecessor-version":[{"id":4319,"href":"https:\/\/xn--paddelclub-berlingen-zec.de\/index.php?rest_route=\/wp\/v2\/pages\/38\/revisions\/4319"}],"up":[{"embeddable":true,"href":"https:\/\/xn--paddelclub-berlingen-zec.de\/index.php?rest_route=\/wp\/v2\/pages\/32"}],"wp:attachment":[{"href":"https:\/\/xn--paddelclub-berlingen-zec.de\/index.php?rest_route=%2Fwp%2Fv2%2Fmedia&parent=38"}],"curies":[{"name":"wp","href":"https:\/\/api.w.org\/{rel}","templated":true}]}}