{"id":30,"date":"2015-02-14T21:09:41","date_gmt":"2015-02-14T20:09:41","guid":{"rendered":"http:\/\/wp.xn--paddelclub-berlingen-zec.de\/?page_id=30"},"modified":"2015-03-05T20:03:49","modified_gmt":"2015-03-05T19:03:49","slug":"links","status":"publish","type":"page","link":"https:\/\/xn--paddelclub-berlingen-zec.de\/?page_id=30","title":{"rendered":"Links"},"content":{"rendered":"<p><strong>Kanuverb\u00e4nde, Clubs etc.<\/strong><br \/>\n<strong>Links zu den offiziellen Kanuverb\u00e4nden, zu benachbarten und befreundeten Kanuclubs etc.<\/strong><\/p>\n<p><a href=\"http:\/\/www.kanu.de\/\">Deutscher Kanuverband (DKV)<\/a><br \/>\nOffizielle Homepage des Deutschen Kanuverbandes.<\/p>\n<p><a href=\"http:\/\/www.kanu-baden.de\">Badischer Kanuverband (BKV)<\/a><br \/>\nOffizielle Homepage des Badischen Kanuverbandes.<\/p>\n<p><a href=\"http:\/\/www.bodensee-kanu-ring.de\">Bodensee-Kanuring (BKR)<\/a><br \/>\nHomepage des Bodensee-Kanurings.<\/p>\n<hr \/>\n<p><strong>Flussbeschreibungen, Pegelst\u00e4nde etc.<\/strong><br \/>\n<strong> Seiten mit Flussbeschreibungen, Abrufm\u00f6glichkeiten von Pegelst\u00e4nden und vieles mehr&#8230;<\/strong><\/p>\n<p><a href=\"http:\/\/www.kajak.at\">www.kajak.at<\/a><br \/>\nSuper Wildwasser- und Rodeo-Infoseite. Dort finden sich viele Flussinfos f\u00fcr D, A, und CH mit Pegeln, Gefahrenmeldungen, Befahrungsberichten etc.<\/p>\n<p><a href=\"http:\/\/www.kajaktour.de\">www.kajaktour.de<\/a><br \/>\nInfoseite zu mittelschweren Wildfl\u00fcssen in ganz Europa mit Flussbeschreibungen, Pegeldiensten etc.<\/p>\n<hr \/>\n<p><strong>Paddelboote und Zubeh\u00f6r<\/strong><br \/>\n<strong> Anbieter von Booten, Paddelzubeh\u00f6r etc.<\/strong><\/p>\n<p><a href=\"http:\/\/www.sport-schmidt-gmbh.de\">Sport Schmidt Friedrichshafen<br \/>\n<\/a>Seite von Sport Schmidt FN. Hier gibt es alles rund um den Paddelsport.<\/p>\n<p><a href=\"http:\/\/www.lacanoa.com\">La Canoa Kanuzentrum Konstanz<br \/>\n<\/a>Homepage des Kanuzentrums &#8222;La Canoa&#8220; in Konstanz. Hier gibt es alles an Booten, Paddelausr\u00fcstung etc.<\/p>\n","protected":false},"excerpt":{"rendered":"<p>Kanuverb\u00e4nde, Clubs etc. Links zu den offiziellen Kanuverb\u00e4nden, zu benachbarten und befreundeten Kanuclubs etc. Deutscher Kanuverband (DKV) Offizielle Homepage des Deutschen Kanuverbandes. Badischer Kanuverband (BKV) Offizielle Homepage des Badischen Kanuverbandes. Bodensee-Kanuring (BKR) Homepage des Bodensee-Kanurings. Flussbeschreibungen, Pegelst\u00e4nde etc. Seiten mit Flussbeschreibungen, Abrufm\u00f6glichkeiten von Pegelst\u00e4nden und vieles mehr&#8230; www.kajak.at Super Wildwasser- und Rodeo-Infoseite. Dort finden sich [&hellip;]<\/p>\n","protected":false},"author":1,"featured_media":0,"parent":0,"menu_order":6,"comment_status":"closed","ping_status":"closed","template":"","meta":{"footnotes":""},"class_list":["post-30","page","type-page","status-publish","hentry"],"_links":{"self":[{"href":"https:\/\/xn--paddelclub-berlingen-zec.de\/index.php?rest_route=\/wp\/v2\/pages\/30","targetHints":{"allow":["GET"]}}],"collection":[{"href":"https:\/\/xn--paddelclub-berlingen-zec.de\/index.php?rest_route=\/wp\/v2\/pages"}],"about":[{"href":"https:\/\/xn--paddelclub-berlingen-zec.de\/index.php?rest_route=\/wp\/v2\/types\/page"}],"author":[{"embeddable":true,"href":"https:\/\/xn--paddelclub-berlingen-zec.de\/index.php?rest_route=\/wp\/v2\/users\/1"}],"replies":[{"embeddable":true,"href":"https:\/\/xn--paddelclub-berlingen-zec.de\/index.php?rest_route=%2Fwp%2Fv2%2Fcomments&post=30"}],"version-history":[{"count":5,"href":"https:\/\/xn--paddelclub-berlingen-zec.de\/index.php?rest_route=\/wp\/v2\/pages\/30\/revisions"}],"predecessor-version":[{"id":207,"href":"https:\/\/xn--paddelclub-berlingen-zec.de\/index.php?rest_route=\/wp\/v2\/pages\/30\/revisions\/207"}],"wp:attachment":[{"href":"https:\/\/xn--paddelclub-berlingen-zec.de\/index.php?rest_route=%2Fwp%2Fv2%2Fmedia&parent=30"}],"curies":[{"name":"wp","href":"https:\/\/api.w.org\/{rel}","templated":true}]}}