{"id":2,"date":"2015-02-14T16:37:40","date_gmt":"2015-02-14T15:37:40","guid":{"rendered":"http:\/\/xn--paddelclub-berlingen-zec.de\/?page_id=2"},"modified":"2018-06-23T13:12:48","modified_gmt":"2018-06-23T11:12:48","slug":"beispiel-seite","status":"publish","type":"page","link":"https:\/\/xn--paddelclub-berlingen-zec.de\/?page_id=2","title":{"rendered":"Impressum"},"content":{"rendered":"<h2>Angaben gem\u00e4\u00df \u00a7 5 TMG:<\/h2>\n<p>Paddelclub \u00dcberlingen e.V.<br \/>\nStrandweg 20<br \/>\n88662 \u00dcberlingen<\/p>\n<h2>Vertreten durch:<\/h2>\n<p>Timo Siefert<\/p>\n<h2>Kontakt:<\/h2>\n<p>Telefon: 07551 63943<br \/>\nE-Mail: <a href=\"javascript:secureDecryptAndNavigate('ieJI9BF8cIeqd2hfhsuRVD3JWQlN\/LGc30VzDtX3Bx1BrzjwUf4Y21\/w7mEqx2QVswP+0V6Hwr\/6c06vOY\/ZVyVf06qPf8AE2RIEAIDcDZZt1UCAGGX5cw==', '7a8e47426f07c022f950be026d5b1c2329320b4fc853c650b25b36e8a2119994')\">&#107;&#111;n&#116;&#97;&#107;t&#64;p&#97;dd&#101;l&#99;&#108;&#117;b-&#117;&#101;ber&#108;&#105;n&#103;e&#110;&#46;&#100;e<\/a><\/p>\n<h2>Registereintrag:<\/h2>\n<p>Eintragung im Vereinsregister.<br \/>\nRegistergericht: Freiburg<br \/>\nRegisternummer: VR 580009<\/p>\n<h2>Verantwortlich f\u00fcr den Inhalt<br \/>\nnach \u00a7 55 Abs. 2 RStV:<\/h2>\n<p>Timo Siefert<br \/>\nSchillerstra\u00dfe 7<br \/>\n88662 \u00dcberlingen<\/p>\n<h2>Haftung f\u00fcr Inhalte<\/h2>\n<p>Als Diensteanbieter sind wir gem\u00e4\u00df \u00a7 7 Abs.1 TMG f\u00fcr eigene Inhalte auf diesen Seiten<br \/>\nnach den allgemeinen Gesetzen verantwortlich. Nach \u00a7\u00a7 8 bis 10 TMG sind wir als<br \/>\nDiensteanbieter jedoch nicht verpflichtet, \u00fcbermittelte oder gespeicherte fremde Informationen zu \u00fcberwachen oder nach Umst\u00e4nden zu forschen, die auf eine rechtswidrige T\u00e4tigkeit<br \/>\nhinweisen.<\/p>\n<p>Verpflichtungen zur Entfernung oder Sperrung der Nutzung von Informationen nach<br \/>\nden allgemeinen Gesetzen bleiben hiervon unber\u00fchrt. Eine diesbez\u00fcgliche Haftung ist jedoch<br \/>\nerst ab dem Zeitpunkt der Kenntnis einer konkreten Rechtsverletzung m\u00f6glich. Bei Bekanntwerden von entsprechenden Rechtsverletzungen werden wir diese Inhalte umgehend entfernen.<\/p>\n<h2>Haftung f\u00fcr Links<\/h2>\n<p>Unser Angebot enth\u00e4lt Links zu externen Websites Dritter, auf deren Inhalte wir keinen Einfluss haben. Deshalb k\u00f6nnen wir f\u00fcr diese fremden Inhalte auch keine Gew\u00e4hr \u00fcbernehmen. F\u00fcr die Inhalte der verlinkten Seiten ist stets der jeweilige Anbieter oder Betreiber der Seiten verantwortlich. Die verlinkten Seiten wurden zum Zeitpunkt der Verlinkung auf m\u00f6gliche Rechtsverst\u00f6\u00dfe \u00fcberpr\u00fcft. Rechtswidrige Inhalte waren zum Zeitpunkt der Verlinkung nicht erkennbar.<\/p>\n<p>Eine permanente inhaltliche Kontrolle der verlinkten Seiten ist jedoch ohne konkrete Anhaltspunkte einer Rechtsverletzung nicht zumutbar. Bei Bekanntwerden von Rechtsverletzungen werden wir derartige Links umgehend entfernen.<\/p>\n<h2>Urheberrecht<\/h2>\n<p>Die durch die Seitenbetreiber erstellten Inhalte und Werke auf diesen Seiten unterliegen dem deutschen Urheberrecht. Die Vervielf\u00e4ltigung, Bearbeitung, Verbreitung und jede Art der Verwertung au\u00dferhalb der Grenzen des Urheberrechtes bed\u00fcrfen der schriftlichen Zustimmung des jeweiligen Autors bzw. Erstellers. Downloads und Kopien dieser Seite sind nur f\u00fcr den privaten, nicht kommerziellen Gebrauch gestattet.<\/p>\n<p>Soweit die Inhalte auf dieser Seite nicht vom Betreiber erstellt wurden, werden die Urheberrechte Dritter beachtet. Insbesondere werden Inhalte Dritter als solche gekennzeichnet. Sollten Sie trotzdem auf eine Urheberrechtsverletzung aufmerksam werden, bitten wir um einen entsprechenden Hinweis. Bei Bekanntwerden von Rechtsverletzungen werden wir derartige Inhalte umgehend entfernen.<\/p>\n<p>Quelle: <a href=\"https:\/\/www.erecht24. de\/impressum-generator.html\">https:\/\/www.e-recht24.de\/impressum-generator.html<\/a><\/p>\n","protected":false},"excerpt":{"rendered":"<p>Angaben gem\u00e4\u00df \u00a7 5 TMG: Paddelclub \u00dcberlingen e.V. Strandweg 20 88662 \u00dcberlingen Vertreten durch: Timo Siefert Kontakt: Telefon: 07551 63943 E-Mail: k&#111;nt&#97;&#107;&#116;&#64;p&#97;&#100;&#100;el&#99;l&#117;&#98;-ueb&#101;&#114;li&#110;gen&#46;&#100;&#101; Registereintrag: Eintragung im Vereinsregister. Registergericht: Freiburg Registernummer: VR 580009 Verantwortlich f\u00fcr den Inhalt nach \u00a7 55 Abs. 2 RStV: Timo Siefert Schillerstra\u00dfe 7 88662 \u00dcberlingen Haftung f\u00fcr Inhalte Als Diensteanbieter sind wir gem\u00e4\u00df [&hellip;]<\/p>\n","protected":false},"author":1,"featured_media":0,"parent":1524,"menu_order":9,"comment_status":"closed","ping_status":"closed","template":"","meta":{"footnotes":""},"class_list":["post-2","page","type-page","status-publish","hentry"],"_links":{"self":[{"href":"https:\/\/xn--paddelclub-berlingen-zec.de\/index.php?rest_route=\/wp\/v2\/pages\/2","targetHints":{"allow":["GET"]}}],"collection":[{"href":"https:\/\/xn--paddelclub-berlingen-zec.de\/index.php?rest_route=\/wp\/v2\/pages"}],"about":[{"href":"https:\/\/xn--paddelclub-berlingen-zec.de\/index.php?rest_route=\/wp\/v2\/types\/page"}],"author":[{"embeddable":true,"href":"https:\/\/xn--paddelclub-berlingen-zec.de\/index.php?rest_route=\/wp\/v2\/users\/1"}],"replies":[{"embeddable":true,"href":"https:\/\/xn--paddelclub-berlingen-zec.de\/index.php?rest_route=%2Fwp%2Fv2%2Fcomments&post=2"}],"version-history":[{"count":11,"href":"https:\/\/xn--paddelclub-berlingen-zec.de\/index.php?rest_route=\/wp\/v2\/pages\/2\/revisions"}],"predecessor-version":[{"id":2264,"href":"https:\/\/xn--paddelclub-berlingen-zec.de\/index.php?rest_route=\/wp\/v2\/pages\/2\/revisions\/2264"}],"up":[{"embeddable":true,"href":"https:\/\/xn--paddelclub-berlingen-zec.de\/index.php?rest_route=\/wp\/v2\/pages\/1524"}],"wp:attachment":[{"href":"https:\/\/xn--paddelclub-berlingen-zec.de\/index.php?rest_route=%2Fwp%2Fv2%2Fmedia&parent=2"}],"curies":[{"name":"wp","href":"https:\/\/api.w.org\/{rel}","templated":true}]}}