{"id":191,"date":"2015-02-15T14:00:33","date_gmt":"2015-02-15T13:00:33","guid":{"rendered":"http:\/\/wp.xn--paddelclub-berlingen-zec.de\/?page_id=191"},"modified":"2026-02-13T21:59:10","modified_gmt":"2026-02-13T20:59:10","slug":"anfaengertraining","status":"publish","type":"page","link":"https:\/\/xn--paddelclub-berlingen-zec.de\/?page_id=191","title":{"rendered":"Anmeldung zum Anf\u00e4ngertraining"},"content":{"rendered":"\n<p>Alle Interessenten, die beim Losverfahren zum Kennenlerntreffen erfolgreich waren, werden per Mail \u00fcber die Anmeldung zum Anf\u00e4ngertraining informiert.<\/p>\n\n\n\n<p>Die Anf\u00e4ngertrainings 2026 finden statt am:<br>Samstag, 13. Juni, 09:00 bis ca. 13:30 Uhr<br>Samstag, 13. Juni, 14:00 bis ca. 18:30 Uhr<br>auf dem Gel\u00e4nde des PC\u00dc<br>(Teilnahme an EINEM dieser Termine ist verpflichtend)<\/p>\n","protected":false},"excerpt":{"rendered":"<p>Alle Interessenten, die beim Losverfahren zum Kennenlerntreffen erfolgreich waren, werden per Mail \u00fcber die Anmeldung zum Anf\u00e4ngertraining informiert. Die Anf\u00e4ngertrainings 2026 finden statt am:Samstag, 13. Juni, 09:00 bis ca. 13:30 UhrSamstag, 13. Juni, 14:00 bis ca. 18:30 Uhrauf dem Gel\u00e4nde des PC\u00dc(Teilnahme an EINEM dieser Termine ist verpflichtend)<\/p>\n","protected":false},"author":1,"featured_media":0,"parent":38,"menu_order":1,"comment_status":"closed","ping_status":"closed","template":"","meta":{"footnotes":""},"class_list":["post-191","page","type-page","status-publish","hentry"],"_links":{"self":[{"href":"https:\/\/xn--paddelclub-berlingen-zec.de\/index.php?rest_route=\/wp\/v2\/pages\/191","targetHints":{"allow":["GET"]}}],"collection":[{"href":"https:\/\/xn--paddelclub-berlingen-zec.de\/index.php?rest_route=\/wp\/v2\/pages"}],"about":[{"href":"https:\/\/xn--paddelclub-berlingen-zec.de\/index.php?rest_route=\/wp\/v2\/types\/page"}],"author":[{"embeddable":true,"href":"https:\/\/xn--paddelclub-berlingen-zec.de\/index.php?rest_route=\/wp\/v2\/users\/1"}],"replies":[{"embeddable":true,"href":"https:\/\/xn--paddelclub-berlingen-zec.de\/index.php?rest_route=%2Fwp%2Fv2%2Fcomments&post=191"}],"version-history":[{"count":46,"href":"https:\/\/xn--paddelclub-berlingen-zec.de\/index.php?rest_route=\/wp\/v2\/pages\/191\/revisions"}],"predecessor-version":[{"id":4275,"href":"https:\/\/xn--paddelclub-berlingen-zec.de\/index.php?rest_route=\/wp\/v2\/pages\/191\/revisions\/4275"}],"up":[{"embeddable":true,"href":"https:\/\/xn--paddelclub-berlingen-zec.de\/index.php?rest_route=\/wp\/v2\/pages\/38"}],"wp:attachment":[{"href":"https:\/\/xn--paddelclub-berlingen-zec.de\/index.php?rest_route=%2Fwp%2Fv2%2Fmedia&parent=191"}],"curies":[{"name":"wp","href":"https:\/\/api.w.org\/{rel}","templated":true}]}}