{"id":1367,"date":"2015-04-05T13:02:34","date_gmt":"2015-04-05T11:02:34","guid":{"rendered":"http:\/\/wp.xn--paddelclub-berlingen-zec.de\/?page_id=1367"},"modified":"2015-04-05T15:46:24","modified_gmt":"2015-04-05T13:46:24","slug":"zahlen-fakten","status":"publish","type":"page","link":"https:\/\/xn--paddelclub-berlingen-zec.de\/?page_id=1367","title":{"rendered":"Zahlen &#038; Fakten"},"content":{"rendered":"<div class=\"entry-content\">\n<div class=\"entry-content\">\n<p><strong>Herzlich Willkommen auf der Homepage des Paddelclubs \u00dcberlingen e.V.<\/strong><\/p>\n<p>Der Paddelclub \u00dcberlingen hat rund 400 Mitglieder (Stand Januar 2015), davon ca. 60 Kinder und Jugendliche.<\/p>\n<p>Auf dem Clubgel\u00e4nde, das im Osten \u00dcberlingens direkt am Bodenseeufer liegt, sind in zwei Bootshallen sowie mehreren \u201cHasenst\u00e4llen\u201d (Einschubschr\u00e4nke f\u00fcr Boote) insgesamt etwa 200 Bootspl\u00e4tze vorhanden. Ein Gro\u00dfteil der Pl\u00e4tze wird von Privatbooten der Mitglieder belegt. Der PC\u00dc verf\u00fcgt \u00fcber insgesamt ca. 55 clubeigene Boote aller Sparten, so. z. B. Touren- und Rennboote, Seekajaks, Kanadier in verschiedenen Gr\u00f6\u00dfen (das \u201cFlaggschiff\u201d des PC\u00dc ist der gro\u00dfe 12er-Kanadier in den badischen Farben gelb-rot), Wildwasser- und Spielboote. Diese Clubboote stehen allen Mitgliedern zur Verf\u00fcgung.<\/p>\n<p>Gepaddelt wird in fast allen \u201cDisziplinen\u201d. Neben Wander- und Tourenpaddeln auf dem \u201cHausgew\u00e4sser\u201d Bodensee oder auf den Fl\u00fcssen in der N\u00e4he (Rhein, Donau etc.) erfreut sich auch das Wildwasser-Paddeln zunehmender Beliebtheit. Die Fl\u00fcsse in den nahe gelegenen Alpen (\u00d6sterreich und Schweiz) laden hierzu ein.<\/p>\n<p>Damit unser Nachwuchs nicht auf der Strecke bleibt, bieten wir \u00fcber die Sommermonate ein w\u00f6chentliches Jugendtraining an. Zudem besteht durch die Kooperation mit anderen Vereinen die M\u00f6glichkeit, im Winter ein Hallenbad f\u00fcr das Eskimotiertraining zu nutzen.<\/p>\n<p>Im Rahmen der Kooperation \u201cSchule und Verein\u201d trainiert die Paddel-AG des Gymnasiums \u00dcberlingen einmal w\u00f6chentlich auf dem Gel\u00e4nde des PC\u00dc.<\/p>\n<p>Der Paddelclub \u00dcberlingen ist Mitglied im:<\/p>\n<ul>\n<li><a href=\"http:\/\/www.kanu.de\" target=\"_blank\">Deutschen Kanuverband (DKV)<\/a><\/li>\n<li><a href=\"http:\/\/www.kanu-wuerttemberg.de\/\" target=\"_blank\">Kanu-Verband Baden-W\u00fcrrtemberg e.V. (kanu-bw)<\/a><\/li>\n<li><a href=\"http:\/\/www.bodensee-kanu-ring.de\/\" target=\"_blank\">Bodensee-Kanuring (BKR)<\/a><\/li>\n<\/ul>\n<\/div>\n<hr \/>\n<p><strong>Geschichte<\/strong><\/p>\n<p>Der Paddelclub \u00dcberlingen wurde im Jahre 1937 geboren. Ein kleiner Freundeskreis gr\u00fcndete in diesem Jahr innerhalb des damaligen Skiclubs \u2013 dem heutigen Alpenverein \u2013 eine Paddelabteilung.<\/p>\n<p>Im Anfangsjahr startete der Club mit einer Mitgliederzahl von 23 Erwachsenen und 5 Jugendlichen.<\/p>\n<p>Am 23.04.1939 wurde die Abteilung ein selbst\u00e4ndiger Verein im damaligen \u201eReichsbund f\u00fcr Leibes\u00fcbung, Fachamt Kanusport\u201c.<\/p>\n<p>Vom darauf folgenden Krieg blieb der neu gegr\u00fcndete Sportverein nicht verschont. Von den 28 Gr\u00fcndungsmitgliedern fielen 9 in diesen verbrecherischen Jahren. Mit Kriegsende und der bedingungslosen Kapitulation wurden alle Sportvereine aufgel\u00f6st, die noch vorhandenen Clubboote beschlagnahmt.<\/p>\n<p>Am 08. Februar 1950 wurde der Verein schlie\u00dflich neu gegr\u00fcndet und tr\u00e4gt seither den Namen \u201ePaddelclub \u00dcberlingen\u201d (PC\u00dc).<\/p>\n<\/div>\n","protected":false},"excerpt":{"rendered":"<p>Herzlich Willkommen auf der Homepage des Paddelclubs \u00dcberlingen e.V. Der Paddelclub \u00dcberlingen hat rund 400 Mitglieder (Stand Januar 2015), davon ca. 60 Kinder und Jugendliche. Auf dem Clubgel\u00e4nde, das im Osten \u00dcberlingens direkt am Bodenseeufer liegt, sind in zwei Bootshallen sowie mehreren \u201cHasenst\u00e4llen\u201d (Einschubschr\u00e4nke f\u00fcr Boote) insgesamt etwa 200 Bootspl\u00e4tze vorhanden. Ein Gro\u00dfteil der Pl\u00e4tze [&hellip;]<\/p>\n","protected":false},"author":1,"featured_media":0,"parent":32,"menu_order":2,"comment_status":"closed","ping_status":"closed","template":"","meta":{"footnotes":""},"class_list":["post-1367","page","type-page","status-publish","hentry"],"_links":{"self":[{"href":"https:\/\/xn--paddelclub-berlingen-zec.de\/index.php?rest_route=\/wp\/v2\/pages\/1367","targetHints":{"allow":["GET"]}}],"collection":[{"href":"https:\/\/xn--paddelclub-berlingen-zec.de\/index.php?rest_route=\/wp\/v2\/pages"}],"about":[{"href":"https:\/\/xn--paddelclub-berlingen-zec.de\/index.php?rest_route=\/wp\/v2\/types\/page"}],"author":[{"embeddable":true,"href":"https:\/\/xn--paddelclub-berlingen-zec.de\/index.php?rest_route=\/wp\/v2\/users\/1"}],"replies":[{"embeddable":true,"href":"https:\/\/xn--paddelclub-berlingen-zec.de\/index.php?rest_route=%2Fwp%2Fv2%2Fcomments&post=1367"}],"version-history":[{"count":3,"href":"https:\/\/xn--paddelclub-berlingen-zec.de\/index.php?rest_route=\/wp\/v2\/pages\/1367\/revisions"}],"predecessor-version":[{"id":1370,"href":"https:\/\/xn--paddelclub-berlingen-zec.de\/index.php?rest_route=\/wp\/v2\/pages\/1367\/revisions\/1370"}],"up":[{"embeddable":true,"href":"https:\/\/xn--paddelclub-berlingen-zec.de\/index.php?rest_route=\/wp\/v2\/pages\/32"}],"wp:attachment":[{"href":"https:\/\/xn--paddelclub-berlingen-zec.de\/index.php?rest_route=%2Fwp%2Fv2%2Fmedia&parent=1367"}],"curies":[{"name":"wp","href":"https:\/\/api.w.org\/{rel}","templated":true}]}}